{"id":194,"date":"2023-09-05T12:15:33","date_gmt":"2023-09-05T15:15:33","guid":{"rendered":"http:\/\/seco.com.br\/?page_id=194"},"modified":"2023-09-05T13:00:03","modified_gmt":"2023-09-05T16:00:03","slug":"nortex","status":"publish","type":"page","link":"http:\/\/seco.com.br\/?page_id=194","title":{"rendered":"Norte"},"content":{"rendered":"\t\t<div data-elementor-type=\"wp-page\" data-elementor-id=\"194\" class=\"elementor elementor-194\">\n\t\t\t\t\t\t\t<div class=\"elementor-element elementor-element-101556d e-flex e-con-boxed e-con e-parent\" data-id=\"101556d\" data-element_type=\"container\" data-settings=\"{&quot;background_background&quot;:&quot;classic&quot;,&quot;container_type&quot;:&quot;flex&quot;,&quot;content_width&quot;:&quot;boxed&quot;}\" data-core-v316-plus=\"true\">\n\t\t\t\t\t<div class=\"e-con-inner\">\n\t\t<div class=\"elementor-element elementor-element-868b739 e-flex e-con-boxed e-con e-child\" data-id=\"868b739\" data-element_type=\"container\" data-settings=\"{&quot;container_type&quot;:&quot;flex&quot;,&quot;content_width&quot;:&quot;boxed&quot;}\">\n\t\t\t\t\t<div class=\"e-con-inner\">\n\t\t\t\t<div class=\"elementor-element elementor-element-8e51674 elementor-widget elementor-widget-image\" data-id=\"8e51674\" data-element_type=\"widget\" data-widget_type=\"image.default\">\n\t\t\t\t<div class=\"elementor-widget-container\">\n\t\t\t<style>\/*! elementor - v3.17.0 - 01-11-2023 *\/\n.elementor-widget-image{text-align:center}.elementor-widget-image a{display:inline-block}.elementor-widget-image a img[src$=\".svg\"]{width:48px}.elementor-widget-image img{vertical-align:middle;display:inline-block}<\/style>\t\t\t\t\t\t\t\t\t<figure class=\"wp-caption\">\n\t\t\t\t\t\t\t\t\t\t<img decoding=\"async\" loading=\"lazy\" width=\"423\" height=\"476\" src=\"http:\/\/seco.com.br\/wp-content\/uploads\/2023\/09\/ferramentas.png\" class=\"attachment-large size-large wp-image-189\" alt=\"\" srcset=\"http:\/\/seco.com.br\/wp-content\/uploads\/2023\/09\/ferramentas.png 423w, http:\/\/seco.com.br\/wp-content\/uploads\/2023\/09\/ferramentas-267x300.png 267w\" sizes=\"(max-width: 423px) 100vw, 423px\" \/>\t\t\t\t\t\t\t\t\t\t\t<figcaption class=\"widget-image-caption wp-caption-text\">Qualidade<\/figcaption>\n\t\t\t\t\t\t\t\t\t\t<\/figure>\n\t\t\t\t\t\t\t\t\t<\/div>\n\t\t\t\t<\/div>\n\t\t\t\t<div class=\"elementor-element elementor-element-a099411 elementor-widget elementor-widget-image\" data-id=\"a099411\" data-element_type=\"widget\" data-widget_type=\"image.default\">\n\t\t\t\t<div class=\"elementor-widget-container\">\n\t\t\t\t\t\t\t\t\t\t\t\t<figure class=\"wp-caption\">\n\t\t\t\t\t\t\t\t\t\t<img decoding=\"async\" loading=\"lazy\" width=\"600\" height=\"400\" src=\"http:\/\/seco.com.br\/wp-content\/uploads\/2023\/09\/compromisso.webp\" class=\"attachment-large size-large wp-image-190\" alt=\"\" srcset=\"http:\/\/seco.com.br\/wp-content\/uploads\/2023\/09\/compromisso.webp 600w, http:\/\/seco.com.br\/wp-content\/uploads\/2023\/09\/compromisso-300x200.webp 300w\" sizes=\"(max-width: 600px) 100vw, 600px\" \/>\t\t\t\t\t\t\t\t\t\t\t<figcaption class=\"widget-image-caption wp-caption-text\">Compromisso<\/figcaption>\n\t\t\t\t\t\t\t\t\t\t<\/figure>\n\t\t\t\t\t\t\t\t\t<\/div>\n\t\t\t\t<\/div>\n\t\t\t\t\t<\/div>\n\t\t\t\t<\/div>\n\t\t<div class=\"elementor-element elementor-element-d035468 e-flex e-con-boxed e-con e-child\" data-id=\"d035468\" data-element_type=\"container\" data-settings=\"{&quot;container_type&quot;:&quot;flex&quot;,&quot;content_width&quot;:&quot;boxed&quot;}\">\n\t\t\t\t\t<div class=\"e-con-inner\">\n\t\t\t\t<div class=\"elementor-element elementor-element-46533fd elementor-widget elementor-widget-image-box\" data-id=\"46533fd\" data-element_type=\"widget\" data-widget_type=\"image-box.default\">\n\t\t\t\t<div class=\"elementor-widget-container\">\n\t\t\t<style>\/*! elementor - v3.17.0 - 01-11-2023 *\/\n.elementor-widget-image-box .elementor-image-box-content{width:100%}@media (min-width:768px){.elementor-widget-image-box.elementor-position-left .elementor-image-box-wrapper,.elementor-widget-image-box.elementor-position-right .elementor-image-box-wrapper{display:flex}.elementor-widget-image-box.elementor-position-right .elementor-image-box-wrapper{text-align:right;flex-direction:row-reverse}.elementor-widget-image-box.elementor-position-left .elementor-image-box-wrapper{text-align:left;flex-direction:row}.elementor-widget-image-box.elementor-position-top .elementor-image-box-img{margin:auto}.elementor-widget-image-box.elementor-vertical-align-top .elementor-image-box-wrapper{align-items:flex-start}.elementor-widget-image-box.elementor-vertical-align-middle .elementor-image-box-wrapper{align-items:center}.elementor-widget-image-box.elementor-vertical-align-bottom .elementor-image-box-wrapper{align-items:flex-end}}@media (max-width:767px){.elementor-widget-image-box .elementor-image-box-img{margin-left:auto!important;margin-right:auto!important;margin-bottom:15px}}.elementor-widget-image-box .elementor-image-box-img{display:inline-block}.elementor-widget-image-box .elementor-image-box-title a{color:inherit}.elementor-widget-image-box .elementor-image-box-wrapper{text-align:center}.elementor-widget-image-box .elementor-image-box-description{margin:0}<\/style><div class=\"elementor-image-box-wrapper\"><div class=\"elementor-image-box-content\"><h3 class=\"elementor-image-box-title\">Nossa Hist\u00f3ria<\/h3><p class=\"elementor-image-box-description\">A  Netools s\u00e3o distribuidoras autorizadas de ferramentas para usinagem das marcas Seco e OSG no estado do Paran\u00e1.\nCom sedes em Curitiba e Maring\u00e1, fornecemos, al\u00e9m de produtos de alta qualidade, o compromisso e suporte necess\u00e1rios para as melhores solu\u00e7\u00f5es em usinagem.\nCom uma equipe capacitada e com vasta experi\u00eancia, procuramos sempre atender de forma r\u00e1pida e eficaz, maximizando assim a produtividade de nossos clientes.<\/p><\/div><\/div>\t\t<\/div>\n\t\t\t\t<\/div>\n\t\t\t\t<div class=\"elementor-element elementor-element-3f8ad41 elementor-widget elementor-widget-image-box\" data-id=\"3f8ad41\" data-element_type=\"widget\" data-widget_type=\"image-box.default\">\n\t\t\t\t<div class=\"elementor-widget-container\">\n\t\t\t<div class=\"elementor-image-box-wrapper\"><div class=\"elementor-image-box-content\"><h3 class=\"elementor-image-box-title\">MISS\u00c3O<\/h3><p class=\"elementor-image-box-description\">Nossa miss\u00e3o \u00e9 oferecer solu\u00e7\u00f5es completas de usinagem, atendendo de forma r\u00e1pida e personalizada, priorizando sempre a necessidade do cliente.<\/p><\/div><\/div>\t\t<\/div>\n\t\t\t\t<\/div>\n\t\t\t\t<div class=\"elementor-element elementor-element-b836473 elementor-widget elementor-widget-image-box\" data-id=\"b836473\" data-element_type=\"widget\" data-widget_type=\"image-box.default\">\n\t\t\t\t<div class=\"elementor-widget-container\">\n\t\t\t<div class=\"elementor-image-box-wrapper\"><div class=\"elementor-image-box-content\"><h3 class=\"elementor-image-box-title\">VIS\u00c3O<\/h3><p class=\"elementor-image-box-description\">Sermos reconhecidos pelos nossos clientes como parceiros dedicados, cumprindo os requisitos para mantermos uma parceria s\u00f3lida, visando sempre a melhor produtividade.<\/p><\/div><\/div>\t\t<\/div>\n\t\t\t\t<\/div>\n\t\t\t\t<div class=\"elementor-element elementor-element-3182e87 elementor-widget elementor-widget-image-box\" data-id=\"3182e87\" data-element_type=\"widget\" data-widget_type=\"image-box.default\">\n\t\t\t\t<div class=\"elementor-widget-container\">\n\t\t\t<div class=\"elementor-image-box-wrapper\"><div class=\"elementor-image-box-content\"><h3 class=\"elementor-image-box-title\">VALORES<\/h3><p class=\"elementor-image-box-description\">\u00c9tica, qualidade e comprometimento pessoal s\u00e3o valores que resumem nossas empresas. S\u00e3o valores que geram sucesso e grandes parcerias a longo prazo.<\/p><\/div><\/div>\t\t<\/div>\n\t\t\t\t<\/div>\n\t\t\t\t<div class=\"elementor-element elementor-element-0f5951a elementor-widget elementor-widget-heading\" data-id=\"0f5951a\" data-element_type=\"widget\" data-widget_type=\"heading.default\">\n\t\t\t\t<div class=\"elementor-widget-container\">\n\t\t\t<style>\/*! elementor - v3.17.0 - 01-11-2023 *\/\n.elementor-heading-title{padding:0;margin:0;line-height:1}.elementor-widget-heading .elementor-heading-title[class*=elementor-size-]>a{color:inherit;font-size:inherit;line-height:inherit}.elementor-widget-heading .elementor-heading-title.elementor-size-small{font-size:15px}.elementor-widget-heading .elementor-heading-title.elementor-size-medium{font-size:19px}.elementor-widget-heading .elementor-heading-title.elementor-size-large{font-size:29px}.elementor-widget-heading .elementor-heading-title.elementor-size-xl{font-size:39px}.elementor-widget-heading .elementor-heading-title.elementor-size-xxl{font-size:59px}<\/style><h2 class=\"elementor-heading-title elementor-size-default\">NETOOLS Localiza\u00e7\u00e3o<\/h2>\t\t<\/div>\n\t\t\t\t<\/div>\n\t\t\t\t<div class=\"elementor-element elementor-element-fada158 elementor-widget__width-initial elementor-widget elementor-widget-google_maps\" data-id=\"fada158\" data-element_type=\"widget\" data-widget_type=\"google_maps.default\">\n\t\t\t\t<div class=\"elementor-widget-container\">\n\t\t\t<style>\/*! elementor - v3.17.0 - 01-11-2023 *\/\n.elementor-widget-google_maps .elementor-widget-container{overflow:hidden}.elementor-widget-google_maps .elementor-custom-embed{line-height:0}.elementor-widget-google_maps iframe{height:300px}<\/style>\t\t<div class=\"elementor-custom-embed\">\n\t\t\t<iframe loading=\"lazy\"\n\t\t\t\t\tsrc=\"https:\/\/maps.google.com\/maps?q=Av.%20Am%C3%A9rico%20Belay%2C%202878%20Parque%20das%20Grev%C3%ADleas%203%C2%AA%20parte%20%2F%20Maring%C3%A1%20-%20PR&#038;t=m&#038;z=10&#038;output=embed&#038;iwloc=near\"\n\t\t\t\t\ttitle=\"Av. Am\u00e9rico Belay, 2878 Parque das Grev\u00edleas 3\u00aa parte \/ Maring\u00e1 - PR\"\n\t\t\t\t\taria-label=\"Av. Am\u00e9rico Belay, 2878 Parque das Grev\u00edleas 3\u00aa parte \/ Maring\u00e1 - PR\"\n\t\t\t><\/iframe>\n\t\t<\/div>\n\t\t\t\t<\/div>\n\t\t\t\t<\/div>\n\t\t\t\t\t<\/div>\n\t\t\t\t<\/div>\n\t\t\t\t\t<\/div>\n\t\t\t\t<\/div>\n\t\t\t\t\t\t\t<\/div>\n\t\t","protected":false},"excerpt":{"rendered":"<p>Qualidade Compromisso Nossa Hist\u00f3ria A Netools s\u00e3o distribuidoras autorizadas de ferramentas para usinagem das marcas Seco e OSG no estado do Paran\u00e1. Com sedes em Curitiba e Maring\u00e1, fornecemos, al\u00e9m de produtos de alta qualidade, o compromisso e suporte necess\u00e1rios para as melhores solu\u00e7\u00f5es em usinagem. Com uma equipe capacitada e com vasta experi\u00eancia, procuramos &hellip;<\/p>\n<p class=\"read-more\"> <a class=\"\" href=\"http:\/\/seco.com.br\/?page_id=194\"> <span class=\"screen-reader-text\">Norte<\/span> Read More &raquo;<\/a><\/p>\n","protected":false},"author":2,"featured_media":0,"parent":0,"menu_order":0,"comment_status":"closed","ping_status":"closed","template":"","meta":{"_eb_attr":"","site-sidebar-layout":"no-sidebar","site-content-layout":"","ast-site-content-layout":"full-width-container","site-content-style":"default","site-sidebar-style":"default","ast-global-header-display":"","ast-banner-title-visibility":"","ast-main-header-display":"","ast-hfb-above-header-display":"","ast-hfb-below-header-display":"","ast-hfb-mobile-header-display":"","site-post-title":"disabled","ast-breadcrumbs-content":"","ast-featured-img":"disabled","footer-sml-layout":"","theme-transparent-header-meta":"","adv-header-id-meta":"","stick-header-meta":"","header-above-stick-meta":"","header-main-stick-meta":"","header-below-stick-meta":"","astra-migrate-meta-layouts":"","footnotes":"","_joinchat":[]},"_links":{"self":[{"href":"http:\/\/seco.com.br\/index.php?rest_route=\/wp\/v2\/pages\/194"}],"collection":[{"href":"http:\/\/seco.com.br\/index.php?rest_route=\/wp\/v2\/pages"}],"about":[{"href":"http:\/\/seco.com.br\/index.php?rest_route=\/wp\/v2\/types\/page"}],"author":[{"embeddable":true,"href":"http:\/\/seco.com.br\/index.php?rest_route=\/wp\/v2\/users\/2"}],"replies":[{"embeddable":true,"href":"http:\/\/seco.com.br\/index.php?rest_route=%2Fwp%2Fv2%2Fcomments&post=194"}],"version-history":[{"count":9,"href":"http:\/\/seco.com.br\/index.php?rest_route=\/wp\/v2\/pages\/194\/revisions"}],"predecessor-version":[{"id":206,"href":"http:\/\/seco.com.br\/index.php?rest_route=\/wp\/v2\/pages\/194\/revisions\/206"}],"wp:attachment":[{"href":"http:\/\/seco.com.br\/index.php?rest_route=%2Fwp%2Fv2%2Fmedia&parent=194"}],"curies":[{"name":"wp","href":"https:\/\/api.w.org\/{rel}","templated":true}]}}